

{"id":5963,"date":"2022-01-11T16:42:19","date_gmt":"2022-01-11T13:42:19","guid":{"rendered":"https:\/\/destechsunucu.com\/tretasarim\/about-us\/"},"modified":"2023-01-06T10:00:09","modified_gmt":"2023-01-06T07:00:09","slug":"about-us","status":"publish","type":"page","link":"https:\/\/tre.com.tr\/en\/about-us\/","title":{"rendered":"About"},"content":{"rendered":"<section class=\"wpb-content-wrapper\"><p>[vc_row css=&#8221;.vc_custom_1655107690777{padding-top: 70px !important;}&#8221;][vc_column width=&#8221;1\/2&#8243; css=&#8221;.vc_custom_1659521186123{padding-right: 40px !important;}&#8221;][vc_video link=&#8221;https:\/\/vimeo.com\/668562465&#8243;][\/vc_column][vc_column width=&#8221;1\/2&#8243;][vc_column_text css=&#8221;.vc_custom_1672832248991{padding-top: 30px !important;}&#8221;]Tre Tasar\u0131m Company was founded in 1998 in partnership with Erkan Atalay and Alp Pasinler and works in the area of interior design, project management, consulting, project turnkey delivery, wholesale and retail production and sale of furniture for projects.<\/p>\n<p>The company&#8217;s production facilities with a total indoor area of 15,000 square meters are located in the Organized Production Zone of Antalya.<br \/>\nHere, the team of architects, designers, civil engineers and qualified production personnel works on hotels, administrative and residential projects.[\/vc_column_text][\/vc_column][vc_column][vc_column_text]Since 2019, the company has been striving to minimize environmental damage by reducing carbon emissions, whose impact on the world is growing day by day, as well as by using solar energy for sustainable production.<\/p>\n<p>With the help of R&amp;D and the combination of modern technology systems with aesthetic and highly operational solutions, the company performs project production in compliance with current quality standards.<\/p>\n<p>Tre Tasar\u0131m is steadily moving towards the development of new solutions, constant maintaining customer satisfaction at the highest level and recognition of the company as a recognized brand in the industry thanks to the well-coordinated work of its professional staff.[\/vc_column_text][\/vc_column][\/vc_row][vc_row css=&#8221;.vc_custom_1641987178713{padding-top: 30px !important;}&#8221;][vc_column width=&#8221;1\/3&#8243;][vc_single_image image=&#8221;676&#8243; img_size=&#8221;&#8221; alignment=&#8221;center&#8221; style=&#8221;vc_box_shadow_3d&#8221; onclick=&#8221;custom_link&#8221; link=&#8221;http:\/\/tre.com.tr\/wp-content\/uploads\/2022\/12\/tretasarimsertifika.pdf&#8221;][\/vc_column][vc_column width=&#8221;1\/3&#8243;][vc_single_image image=&#8221;675&#8243; img_size=&#8221;&#8221; alignment=&#8221;center&#8221; style=&#8221;vc_box_shadow_3d&#8221; onclick=&#8221;custom_link&#8221; link=&#8221;http:\/\/tre.com.tr\/wp-content\/uploads\/2022\/12\/isobelgeler.pdf&#8221;][\/vc_column][vc_column width=&#8221;1\/3&#8243;][vc_single_image image=&#8221;671&#8243; img_size=&#8221;&#8221; alignment=&#8221;center&#8221; style=&#8221;vc_box_shadow_3d&#8221; onclick=&#8221;img_link_large&#8221;][\/vc_column][\/vc_row][vc_row][vc_column width=&#8221;1\/3&#8243;][vc_single_image image=&#8221;672&#8243; img_size=&#8221;&#8221; alignment=&#8221;center&#8221; style=&#8221;vc_box_shadow_3d&#8221; onclick=&#8221;img_link_large&#8221;][\/vc_column][vc_column width=&#8221;1\/3&#8243;][vc_single_image image=&#8221;674&#8243; img_size=&#8221;&#8221; alignment=&#8221;center&#8221; style=&#8221;vc_box_shadow_3d&#8221; onclick=&#8221;img_link_large&#8221;][\/vc_column][vc_column width=&#8221;1\/3&#8243;][vc_single_image image=&#8221;673&#8243; img_size=&#8221;&#8221; alignment=&#8221;center&#8221; style=&#8221;vc_box_shadow_3d&#8221; onclick=&#8221;img_link_large&#8221;][\/vc_column][\/vc_row]<\/p>\n<\/section>","protected":false},"excerpt":{"rendered":"<p>[vc_row css=&#8221;.vc_custom_1655107690777{padding-top: 70px !important;}&#8221;][vc_column width=&#8221;1\/2&#8243; css=&#8221;.vc_custom_1659521186123{padding-right: 40px !important;}&#8221;][vc_video link=&#8221;https:\/\/vimeo.com\/668562465&#8243;][\/vc_column][vc_column width=&#8221;1\/2&#8243;][vc_column_text css=&#8221;.vc_custom_1672832248991{padding-top: 30px !important;}&#8221;]Tre Tasar\u0131m Company was founded in 1998 in partnership with Erkan Atalay and Alp Pasinler and works in the area of interior design, project management, consulting, project turnkey delivery, wholesale and retail production and sale of furniture for projects. The company&#8217;s production facilities&hellip;<\/p>\n","protected":false},"author":1,"featured_media":0,"parent":0,"menu_order":0,"comment_status":"closed","ping_status":"closed","template":"","meta":{"footnotes":""},"class_list":["post-5963","page","type-page","status-publish","hentry","description-off"],"acf":[],"yoast_head":"<!-- This site is optimized with the Yoast SEO plugin v19.13 - https:\/\/yoast.com\/wordpress\/plugins\/seo\/ -->\n<title>About - Tre Tasar\u0131m<\/title>\n<meta name=\"robots\" content=\"index, follow, max-snippet:-1, max-image-preview:large, max-video-preview:-1\" \/>\n<link rel=\"canonical\" href=\"https:\/\/tre.com.tr\/en\/about-us\/\" \/>\n<meta property=\"og:locale\" content=\"en_US\" \/>\n<meta property=\"og:type\" content=\"article\" \/>\n<meta property=\"og:title\" content=\"About - Tre Tasar\u0131m\" \/>\n<meta property=\"og:description\" content=\"[vc_row css=&#8221;.vc_custom_1655107690777{padding-top: 70px !important;}&#8221;][vc_column width=&#8221;1\/2&#8243; css=&#8221;.vc_custom_1659521186123{padding-right: 40px !important;}&#8221;][vc_video link=&#8221;https:\/\/vimeo.com\/668562465&#8243;][\/vc_column][vc_column width=&#8221;1\/2&#8243;][vc_column_text css=&#8221;.vc_custom_1672832248991{padding-top: 30px !important;}&#8221;]Tre Tasar\u0131m Company was founded in 1998 in partnership with Erkan Atalay and Alp Pasinler and works in the area of interior design, project management, consulting, project turnkey delivery, wholesale and retail production and sale of furniture for projects. The company&#8217;s production facilities&hellip;\" \/>\n<meta property=\"og:url\" content=\"https:\/\/tre.com.tr\/en\/about-us\/\" \/>\n<meta property=\"og:site_name\" content=\"Tre Tasar\u0131m\" \/>\n<meta property=\"article:modified_time\" content=\"2023-01-06T07:00:09+00:00\" \/>\n<meta name=\"twitter:card\" content=\"summary_large_image\" \/>\n<meta name=\"twitter:label1\" content=\"Est. reading time\" \/>\n\t<meta name=\"twitter:data1\" content=\"2 minutes\" \/>\n<script type=\"application\/ld+json\" class=\"yoast-schema-graph\">{\"@context\":\"https:\/\/schema.org\",\"@graph\":[{\"@type\":\"WebPage\",\"@id\":\"https:\/\/tre.com.tr\/en\/about-us\/\",\"url\":\"https:\/\/tre.com.tr\/en\/about-us\/\",\"name\":\"About - Tre Tasar\u0131m\",\"isPartOf\":{\"@id\":\"https:\/\/tre.com.tr\/#website\"},\"datePublished\":\"2022-01-11T13:42:19+00:00\",\"dateModified\":\"2023-01-06T07:00:09+00:00\",\"breadcrumb\":{\"@id\":\"https:\/\/tre.com.tr\/en\/about-us\/#breadcrumb\"},\"inLanguage\":\"en-US\",\"potentialAction\":[{\"@type\":\"ReadAction\",\"target\":[\"https:\/\/tre.com.tr\/en\/about-us\/\"]}]},{\"@type\":\"BreadcrumbList\",\"@id\":\"https:\/\/tre.com.tr\/en\/about-us\/#breadcrumb\",\"itemListElement\":[{\"@type\":\"ListItem\",\"position\":1,\"name\":\"Anasayfa\",\"item\":\"https:\/\/tre.com.tr\/en\/\"},{\"@type\":\"ListItem\",\"position\":2,\"name\":\"About\"}]},{\"@type\":\"WebSite\",\"@id\":\"https:\/\/tre.com.tr\/#website\",\"url\":\"https:\/\/tre.com.tr\/\",\"name\":\"Tre Tasar\u0131m\",\"description\":\"\u0130\u00e7 Mimarl\u0131k Restorasyon \u0130n\u015faat\",\"publisher\":{\"@id\":\"https:\/\/tre.com.tr\/#organization\"},\"potentialAction\":[{\"@type\":\"SearchAction\",\"target\":{\"@type\":\"EntryPoint\",\"urlTemplate\":\"https:\/\/tre.com.tr\/?s={search_term_string}\"},\"query-input\":\"required name=search_term_string\"}],\"inLanguage\":\"en-US\"},{\"@type\":\"Organization\",\"@id\":\"https:\/\/tre.com.tr\/#organization\",\"name\":\"Tre Tasar\u0131m\",\"url\":\"https:\/\/tre.com.tr\/\",\"logo\":{\"@type\":\"ImageObject\",\"inLanguage\":\"en-US\",\"@id\":\"https:\/\/tre.com.tr\/#\/schema\/logo\/image\/\",\"url\":\"https:\/\/tre.com.tr\/wp-content\/uploads\/2022\/08\/main-logo-500.png\",\"contentUrl\":\"https:\/\/tre.com.tr\/wp-content\/uploads\/2022\/08\/main-logo-500.png\",\"width\":1973,\"height\":547,\"caption\":\"Tre Tasar\u0131m\"},\"image\":{\"@id\":\"https:\/\/tre.com.tr\/#\/schema\/logo\/image\/\"}}]}<\/script>\n<!-- \/ Yoast SEO plugin. -->","yoast_head_json":{"title":"About - Tre Tasar\u0131m","robots":{"index":"index","follow":"follow","max-snippet":"max-snippet:-1","max-image-preview":"max-image-preview:large","max-video-preview":"max-video-preview:-1"},"canonical":"https:\/\/tre.com.tr\/en\/about-us\/","og_locale":"en_US","og_type":"article","og_title":"About - Tre Tasar\u0131m","og_description":"[vc_row css=&#8221;.vc_custom_1655107690777{padding-top: 70px !important;}&#8221;][vc_column width=&#8221;1\/2&#8243; css=&#8221;.vc_custom_1659521186123{padding-right: 40px !important;}&#8221;][vc_video link=&#8221;https:\/\/vimeo.com\/668562465&#8243;][\/vc_column][vc_column width=&#8221;1\/2&#8243;][vc_column_text css=&#8221;.vc_custom_1672832248991{padding-top: 30px !important;}&#8221;]Tre Tasar\u0131m Company was founded in 1998 in partnership with Erkan Atalay and Alp Pasinler and works in the area of interior design, project management, consulting, project turnkey delivery, wholesale and retail production and sale of furniture for projects. The company&#8217;s production facilities&hellip;","og_url":"https:\/\/tre.com.tr\/en\/about-us\/","og_site_name":"Tre Tasar\u0131m","article_modified_time":"2023-01-06T07:00:09+00:00","twitter_card":"summary_large_image","twitter_misc":{"Est. reading time":"2 minutes"},"schema":{"@context":"https:\/\/schema.org","@graph":[{"@type":"WebPage","@id":"https:\/\/tre.com.tr\/en\/about-us\/","url":"https:\/\/tre.com.tr\/en\/about-us\/","name":"About - Tre Tasar\u0131m","isPartOf":{"@id":"https:\/\/tre.com.tr\/#website"},"datePublished":"2022-01-11T13:42:19+00:00","dateModified":"2023-01-06T07:00:09+00:00","breadcrumb":{"@id":"https:\/\/tre.com.tr\/en\/about-us\/#breadcrumb"},"inLanguage":"en-US","potentialAction":[{"@type":"ReadAction","target":["https:\/\/tre.com.tr\/en\/about-us\/"]}]},{"@type":"BreadcrumbList","@id":"https:\/\/tre.com.tr\/en\/about-us\/#breadcrumb","itemListElement":[{"@type":"ListItem","position":1,"name":"Anasayfa","item":"https:\/\/tre.com.tr\/en\/"},{"@type":"ListItem","position":2,"name":"About"}]},{"@type":"WebSite","@id":"https:\/\/tre.com.tr\/#website","url":"https:\/\/tre.com.tr\/","name":"Tre Tasar\u0131m","description":"\u0130\u00e7 Mimarl\u0131k Restorasyon \u0130n\u015faat","publisher":{"@id":"https:\/\/tre.com.tr\/#organization"},"potentialAction":[{"@type":"SearchAction","target":{"@type":"EntryPoint","urlTemplate":"https:\/\/tre.com.tr\/?s={search_term_string}"},"query-input":"required name=search_term_string"}],"inLanguage":"en-US"},{"@type":"Organization","@id":"https:\/\/tre.com.tr\/#organization","name":"Tre Tasar\u0131m","url":"https:\/\/tre.com.tr\/","logo":{"@type":"ImageObject","inLanguage":"en-US","@id":"https:\/\/tre.com.tr\/#\/schema\/logo\/image\/","url":"https:\/\/tre.com.tr\/wp-content\/uploads\/2022\/08\/main-logo-500.png","contentUrl":"https:\/\/tre.com.tr\/wp-content\/uploads\/2022\/08\/main-logo-500.png","width":1973,"height":547,"caption":"Tre Tasar\u0131m"},"image":{"@id":"https:\/\/tre.com.tr\/#\/schema\/logo\/image\/"}}]}},"_links":{"self":[{"href":"https:\/\/tre.com.tr\/en\/wp-json\/wp\/v2\/pages\/5963","targetHints":{"allow":["GET"]}}],"collection":[{"href":"https:\/\/tre.com.tr\/en\/wp-json\/wp\/v2\/pages"}],"about":[{"href":"https:\/\/tre.com.tr\/en\/wp-json\/wp\/v2\/types\/page"}],"author":[{"embeddable":true,"href":"https:\/\/tre.com.tr\/en\/wp-json\/wp\/v2\/users\/1"}],"replies":[{"embeddable":true,"href":"https:\/\/tre.com.tr\/en\/wp-json\/wp\/v2\/comments?post=5963"}],"version-history":[{"count":13,"href":"https:\/\/tre.com.tr\/en\/wp-json\/wp\/v2\/pages\/5963\/revisions"}],"predecessor-version":[{"id":14078,"href":"https:\/\/tre.com.tr\/en\/wp-json\/wp\/v2\/pages\/5963\/revisions\/14078"}],"wp:attachment":[{"href":"https:\/\/tre.com.tr\/en\/wp-json\/wp\/v2\/media?parent=5963"}],"curies":[{"name":"wp","href":"https:\/\/api.w.org\/{rel}","templated":true}]}}