

{"id":6356,"date":"2022-01-11T16:47:54","date_gmt":"2022-01-11T13:47:54","guid":{"rendered":"https:\/\/destechsunucu.com\/tretasarim\/contact\/"},"modified":"2023-01-06T10:03:51","modified_gmt":"2023-01-06T07:03:51","slug":"contact","status":"publish","type":"page","link":"https:\/\/tre.com.tr\/en\/contact\/","title":{"rendered":"Contact"},"content":{"rendered":"<section class=\"wpb-content-wrapper\"><p>[vc_row css=&#8221;.vc_custom_1658910841625{padding-top: 70px !important;}&#8221;][vc_column][vc_gmaps link=&#8221;#E-8_JTNDaWZyYW1lJTIwc3JjJTNEJTIyaHR0cHMlM0ElMkYlMkZ3d3cuZ29vZ2xlLmNvbSUyRm1hcHMlMkZlbWJlZCUzRnBiJTNEJTIxMW0xOCUyMTFtMTIlMjExbTMlMjExZDMxODMuNzExMjY4NDU3MDEzNCUyMTJkMzAuNjE4NzYyMDE1NzE5MTYlMjEzZDM3LjA2NDM2MzE3OTg5NDg5JTIxMm0zJTIxMWYwJTIxMmYwJTIxM2YwJTIxM20yJTIxMWkxMDI0JTIxMmk3NjglMjE0ZjEzLjElMjEzbTMlMjExbTIlMjExczB4MTRjMzg5ZjgxNDM3NzQ4YiUyNTNBMHg5MzgwZThlMmQ4YTJkZTkxJTIxMnpWRkpGSUZSQlUwRlNTVTBnVWtWVFZFOVNRVk5aVDA0Z3hMRERoeUJOeExCTkxpREVzRTdGbmk1VVZWSXVJRlRFc0VNdUlFeFVSQzdGbmxURXNDNGdUMUpIUVU3RXNGcEZJRk5CVGtGWnhMQSUyMTVlMCUyMTNtMiUyMTFzdHIlMjEyc3RyJTIxNHYxNjUyODc0ODA1Mjk3JTIxNW0yJTIxMXN0ciUyMTJzdHIlMjIlMjB3aWR0aCUzRCUyMjYwMCUyMiUyMGhlaWdodCUzRCUyMjQ1MCUyMiUyMHN0eWxlJTNEJTIyYm9yZGVyJTNBMCUzQiUyMiUyMGFsbG93ZnVsbHNjcmVlbiUzRCUyMiUyMiUyMGxvYWRpbmclM0QlMjJsYXp5JTIyJTIwcmVmZXJyZXJwb2xpY3klM0QlMjJuby1yZWZlcnJlci13aGVuLWRvd25ncmFkZSUyMiUzRSUzQyUyRmlmcmFtZSUzRQ==&#8221; el_class=&#8221;map_filter&#8221;][\/vc_column][\/vc_row][vc_row][vc_column width=&#8221;1\/2&#8243;]<div class=\"uavc-list-icon uavc-list-icon-wrapper ult-adjust-bottom-margin   vc_custom_1656923316945  vc_custom_1656923316945\"><ul class=\"uavc-list\"><li><div class=\"uavc-list-content\" id=\"list-icon-wrap-6595\">\n<div class=\"uavc-list-icon  \" data-animation=\"\" data-animation-delay=\"03\" style=\"margin-right:10px;\"><div class=\"ult-just-icon-wrapper  \"><div class=\"align-icon\" style=\"text-align:center;\">\n<div class=\"aio-icon square \"  style=\"color:#ffffff;background:#d2c100;font-size:25px;display:inline-block;\">\n\t<i class=\"fas fa-phone-alt\"><\/i>\n<\/div><\/div><\/div>\n<\/div><span  data-ultimate-target='#list-icon-wrap-6595 .uavc-list-desc'  data-responsive-json-new='{\"font-size\":\"\",\"line-height\":\"\"}'  class=\"uavc-list-desc ult-responsive\" style=\"color:#222222;\">+90 242 310 56 56<\/span><\/div><\/li><li><div class=\"uavc-list-content\" id=\"list-icon-wrap-1108\">\n<div class=\"uavc-list-icon  \" data-animation=\"\" data-animation-delay=\"03\" style=\"margin-right:10px;\"><div class=\"ult-just-icon-wrapper  \"><div class=\"align-icon\" style=\"text-align:center;\">\n<div class=\"aio-icon square \"  style=\"color:#ffffff;background:#d2c100;font-size:25px;display:inline-block;\">\n\t<i class=\"icomoon-the7-font-the7-mail-01\"><\/i>\n<\/div><\/div><\/div>\n<\/div><span  data-ultimate-target='#list-icon-wrap-1108 .uavc-list-desc'  data-responsive-json-new='{\"font-size\":\"\",\"line-height\":\"\"}'  class=\"uavc-list-desc ult-responsive\" style=\"color:#222222;\">info@tre.com.tr<\/span><\/div><\/li><li><div class=\"uavc-list-content\" id=\"list-icon-wrap-9581\">\n<div class=\"uavc-list-icon  \" data-animation=\"\" data-animation-delay=\"03\" style=\"margin-right:10px;\"><div class=\"ult-just-icon-wrapper  \"><div class=\"align-icon\" style=\"text-align:center;\">\n<div class=\"aio-icon square \"  style=\"color:#ffffff;background:#d2c100;font-size:25px;display:inline-block;\">\n\t<i class=\"icomoon-the7-font-the7-map-02\"><\/i>\n<\/div><\/div><\/div>\n<\/div><span  data-ultimate-target='#list-icon-wrap-9581 .uavc-list-desc'  data-responsive-json-new='{\"font-size\":\"\",\"line-height\":\"\"}'  class=\"uavc-list-desc ult-responsive\" style=\"color:#222222;\">Antalya Organize Sanayi B\u00f6lgesi 3. K\u0131s\u0131m<br \/>\n31. Cadde No:11 D\u00f6\u015femealt\u0131\/Antalya\/TURKEY<\/span><\/div><\/li><\/ul><\/div>[\/vc_column][vc_column width=&#8221;1\/2&#8243;]<div id=\"ultimate-heading-58469f4b66394b53\" class=\"uvc-heading ult-adjust-bottom-margin ultimate-heading-58469f4b66394b53 uvc-7118 \" data-hspacer=\"no_spacer\"  data-halign=\"left\" style=\"text-align:left\"><div class=\"uvc-heading-spacer no_spacer\" style=\"top\"><\/div><div class=\"uvc-main-heading ult-responsive\"  data-ultimate-target='.uvc-heading.ultimate-heading-58469f4b66394b53 h2'  data-responsive-json-new='{\"font-size\":\"desktop:26px;\",\"line-height\":\"desktop:36px;\"}' ><h2 style=\"font-weight:bold;color:#222222;margin-bottom:30px;\">Contact us<\/h2><\/div><\/div><div class=\"wpcf7 no-js\" id=\"wpcf7-f6419-o1\" lang=\"en-US\" dir=\"ltr\">\n<div class=\"screen-reader-response\"><p role=\"status\" aria-live=\"polite\" aria-atomic=\"true\"><\/p> <ul><\/ul><\/div>\n<form action=\"\/en\/wp-json\/wp\/v2\/pages\/6356#wpcf7-f6419-o1\" method=\"post\" class=\"wpcf7-form init\" aria-label=\"Contact form\" novalidate=\"novalidate\" data-status=\"init\">\n<div style=\"display: none;\">\n<input type=\"hidden\" name=\"_wpcf7\" value=\"6419\" \/>\n<input type=\"hidden\" name=\"_wpcf7_version\" value=\"5.7.2\" \/>\n<input type=\"hidden\" name=\"_wpcf7_locale\" value=\"en_US\" \/>\n<input type=\"hidden\" name=\"_wpcf7_unit_tag\" value=\"wpcf7-f6419-o1\" \/>\n<input type=\"hidden\" name=\"_wpcf7_container_post\" value=\"0\" \/>\n<input type=\"hidden\" name=\"_wpcf7_posted_data_hash\" value=\"\" \/>\n<input type=\"hidden\" name=\"_wpcf7_recaptcha_response\" value=\"\" \/>\n<\/div>\n<div class=\"left-inp\">\n\t<p><span class=\"wpcf7-form-control-wrap\" data-name=\"your-name\"><input size=\"40\" class=\"wpcf7-form-control wpcf7-text wpcf7-validates-as-required\" id=\"new-field\" aria-required=\"true\" aria-invalid=\"false\" placeholder=\"Name surname\" value=\"\" type=\"text\" name=\"your-name\" \/><\/span>\n\t<\/p>\n<\/div>\n<div class=\"right-inp\">\n\t<p><span class=\"wpcf7-form-control-wrap\" data-name=\"your-email\"><input size=\"40\" class=\"wpcf7-form-control wpcf7-text wpcf7-email wpcf7-validates-as-required wpcf7-validates-as-email\" id=\"new-field\" aria-required=\"true\" aria-invalid=\"false\" placeholder=\"E-Mail\" value=\"\" type=\"email\" name=\"your-email\" \/><\/span>\n\t<\/p>\n<\/div>\n<div class=\"left-inp\">\n\t<p><span class=\"wpcf7-form-control-wrap\" data-name=\"tel-60\"><input size=\"40\" class=\"wpcf7-form-control wpcf7-text wpcf7-tel wpcf7-validates-as-required wpcf7-validates-as-tel\" id=\"new-field\" aria-required=\"true\" aria-invalid=\"false\" placeholder=\"Phone\" value=\"\" type=\"tel\" name=\"tel-60\" \/><\/span>\n\t<\/p>\n<\/div>\n<div class=\"right-inp\">\n\t<p><span class=\"wpcf7-form-control-wrap\" data-name=\"your-subject\"><input size=\"40\" class=\"wpcf7-form-control wpcf7-text wpcf7-validates-as-required\" id=\"new-field\" aria-required=\"true\" aria-invalid=\"false\" placeholder=\"Subject\" value=\"\" type=\"text\" name=\"your-subject\" \/><\/span>\n\t<\/p>\n<\/div>\n<div class=\"inp-area\">\n\t<p><span class=\"wpcf7-form-control-wrap\" data-name=\"your-message\"><textarea cols=\"40\" rows=\"10\" class=\"wpcf7-form-control wpcf7-textarea\" id=\"new-field-area\" aria-invalid=\"false\" placeholder=\"Message\" name=\"your-message\"><\/textarea><\/span>\n\t<\/p>\n<\/div>\n<p><input class=\"wpcf7-form-control has-spinner wpcf7-submit\" type=\"submit\" value=\"Send\" \/>\n<\/p><p style=\"display: none !important;\"><label>&#916;<textarea name=\"_wpcf7_ak_hp_textarea\" cols=\"45\" rows=\"8\" maxlength=\"100\"><\/textarea><\/label><input type=\"hidden\" id=\"ak_js_1\" name=\"_wpcf7_ak_js\" value=\"204\"\/><script>document.getElementById( \"ak_js_1\" ).setAttribute( \"value\", ( new Date() ).getTime() );<\/script><\/p><div class=\"wpcf7-response-output\" aria-hidden=\"true\"><\/div><\/form><\/div>[\/vc_column][\/vc_row]<\/p>\n<\/section>","protected":false},"excerpt":{"rendered":"<p>[vc_row css=&#8221;.vc_custom_1658910841625{padding-top: 70px !important;}&#8221;][vc_column][vc_gmaps link=&#8221;#E-8_JTNDaWZyYW1lJTIwc3JjJTNEJTIyaHR0cHMlM0ElMkYlMkZ3d3cuZ29vZ2xlLmNvbSUyRm1hcHMlMkZlbWJlZCUzRnBiJTNEJTIxMW0xOCUyMTFtMTIlMjExbTMlMjExZDMxODMuNzExMjY4NDU3MDEzNCUyMTJkMzAuNjE4NzYyMDE1NzE5MTYlMjEzZDM3LjA2NDM2MzE3OTg5NDg5JTIxMm0zJTIxMWYwJTIxMmYwJTIxM2YwJTIxM20yJTIxMWkxMDI0JTIxMmk3NjglMjE0ZjEzLjElMjEzbTMlMjExbTIlMjExczB4MTRjMzg5ZjgxNDM3NzQ4YiUyNTNBMHg5MzgwZThlMmQ4YTJkZTkxJTIxMnpWRkpGSUZSQlUwRlNTVTBnVWtWVFZFOVNRVk5aVDA0Z3hMRERoeUJOeExCTkxpREVzRTdGbmk1VVZWSXVJRlRFc0VNdUlFeFVSQzdGbmxURXNDNGdUMUpIUVU3RXNGcEZJRk5CVGtGWnhMQSUyMTVlMCUyMTNtMiUyMTFzdHIlMjEyc3RyJTIxNHYxNjUyODc0ODA1Mjk3JTIxNW0yJTIxMXN0ciUyMTJzdHIlMjIlMjB3aWR0aCUzRCUyMjYwMCUyMiUyMGhlaWdodCUzRCUyMjQ1MCUyMiUyMHN0eWxlJTNEJTIyYm9yZGVyJTNBMCUzQiUyMiUyMGFsbG93ZnVsbHNjcmVlbiUzRCUyMiUyMiUyMGxvYWRpbmclM0QlMjJsYXp5JTIyJTIwcmVmZXJyZXJwb2xpY3klM0QlMjJuby1yZWZlcnJlci13aGVuLWRvd25ncmFkZSUyMiUzRSUzQyUyRmlmcmFtZSUzRQ==&#8221; el_class=&#8221;map_filter&#8221;][\/vc_column][\/vc_row][vc_row][vc_column width=&#8221;1\/2&#8243;][\/vc_column][vc_column width=&#8221;1\/2&#8243;][\/vc_column][\/vc_row]<\/p>\n","protected":false},"author":1,"featured_media":0,"parent":0,"menu_order":0,"comment_status":"closed","ping_status":"closed","template":"","meta":{"footnotes":""},"class_list":["post-6356","page","type-page","status-publish","hentry","description-off"],"acf":[],"yoast_head":"<!-- This site is optimized with the Yoast SEO plugin v19.13 - https:\/\/yoast.com\/wordpress\/plugins\/seo\/ -->\n<title>Contact - Tre Tasar\u0131m<\/title>\n<meta name=\"robots\" content=\"index, follow, max-snippet:-1, max-image-preview:large, max-video-preview:-1\" \/>\n<link rel=\"canonical\" href=\"https:\/\/tre.com.tr\/en\/contact\/\" \/>\n<meta property=\"og:locale\" content=\"en_US\" \/>\n<meta property=\"og:type\" content=\"article\" \/>\n<meta property=\"og:title\" content=\"Contact - Tre Tasar\u0131m\" \/>\n<meta property=\"og:description\" content=\"[vc_row css=&#8221;.vc_custom_1658910841625{padding-top: 70px !important;}&#8221;][vc_column][vc_gmaps link=&#8221;#E-8_JTNDaWZyYW1lJTIwc3JjJTNEJTIyaHR0cHMlM0ElMkYlMkZ3d3cuZ29vZ2xlLmNvbSUyRm1hcHMlMkZlbWJlZCUzRnBiJTNEJTIxMW0xOCUyMTFtMTIlMjExbTMlMjExZDMxODMuNzExMjY4NDU3MDEzNCUyMTJkMzAuNjE4NzYyMDE1NzE5MTYlMjEzZDM3LjA2NDM2MzE3OTg5NDg5JTIxMm0zJTIxMWYwJTIxMmYwJTIxM2YwJTIxM20yJTIxMWkxMDI0JTIxMmk3NjglMjE0ZjEzLjElMjEzbTMlMjExbTIlMjExczB4MTRjMzg5ZjgxNDM3NzQ4YiUyNTNBMHg5MzgwZThlMmQ4YTJkZTkxJTIxMnpWRkpGSUZSQlUwRlNTVTBnVWtWVFZFOVNRVk5aVDA0Z3hMRERoeUJOeExCTkxpREVzRTdGbmk1VVZWSXVJRlRFc0VNdUlFeFVSQzdGbmxURXNDNGdUMUpIUVU3RXNGcEZJRk5CVGtGWnhMQSUyMTVlMCUyMTNtMiUyMTFzdHIlMjEyc3RyJTIxNHYxNjUyODc0ODA1Mjk3JTIxNW0yJTIxMXN0ciUyMTJzdHIlMjIlMjB3aWR0aCUzRCUyMjYwMCUyMiUyMGhlaWdodCUzRCUyMjQ1MCUyMiUyMHN0eWxlJTNEJTIyYm9yZGVyJTNBMCUzQiUyMiUyMGFsbG93ZnVsbHNjcmVlbiUzRCUyMiUyMiUyMGxvYWRpbmclM0QlMjJsYXp5JTIyJTIwcmVmZXJyZXJwb2xpY3klM0QlMjJuby1yZWZlcnJlci13aGVuLWRvd25ncmFkZSUyMiUzRSUzQyUyRmlmcmFtZSUzRQ==&#8221; el_class=&#8221;map_filter&#8221;][\/vc_column][\/vc_row][vc_row][vc_column width=&#8221;1\/2&#8243;][\/vc_column][vc_column width=&#8221;1\/2&#8243;][\/vc_column][\/vc_row]\" \/>\n<meta property=\"og:url\" content=\"https:\/\/tre.com.tr\/en\/contact\/\" \/>\n<meta property=\"og:site_name\" content=\"Tre Tasar\u0131m\" \/>\n<meta property=\"article:modified_time\" content=\"2023-01-06T07:03:51+00:00\" \/>\n<meta name=\"twitter:card\" content=\"summary_large_image\" \/>\n<meta name=\"twitter:label1\" content=\"Est. reading time\" \/>\n\t<meta name=\"twitter:data1\" content=\"1 minute\" \/>\n<script type=\"application\/ld+json\" class=\"yoast-schema-graph\">{\"@context\":\"https:\/\/schema.org\",\"@graph\":[{\"@type\":\"WebPage\",\"@id\":\"https:\/\/tre.com.tr\/en\/contact\/\",\"url\":\"https:\/\/tre.com.tr\/en\/contact\/\",\"name\":\"Contact - Tre Tasar\u0131m\",\"isPartOf\":{\"@id\":\"https:\/\/tre.com.tr\/#website\"},\"datePublished\":\"2022-01-11T13:47:54+00:00\",\"dateModified\":\"2023-01-06T07:03:51+00:00\",\"breadcrumb\":{\"@id\":\"https:\/\/tre.com.tr\/en\/contact\/#breadcrumb\"},\"inLanguage\":\"en-US\",\"potentialAction\":[{\"@type\":\"ReadAction\",\"target\":[\"https:\/\/tre.com.tr\/en\/contact\/\"]}]},{\"@type\":\"BreadcrumbList\",\"@id\":\"https:\/\/tre.com.tr\/en\/contact\/#breadcrumb\",\"itemListElement\":[{\"@type\":\"ListItem\",\"position\":1,\"name\":\"Anasayfa\",\"item\":\"https:\/\/tre.com.tr\/en\/\"},{\"@type\":\"ListItem\",\"position\":2,\"name\":\"Contact\"}]},{\"@type\":\"WebSite\",\"@id\":\"https:\/\/tre.com.tr\/#website\",\"url\":\"https:\/\/tre.com.tr\/\",\"name\":\"Tre Tasar\u0131m\",\"description\":\"\u0130\u00e7 Mimarl\u0131k Restorasyon \u0130n\u015faat\",\"publisher\":{\"@id\":\"https:\/\/tre.com.tr\/#organization\"},\"potentialAction\":[{\"@type\":\"SearchAction\",\"target\":{\"@type\":\"EntryPoint\",\"urlTemplate\":\"https:\/\/tre.com.tr\/?s={search_term_string}\"},\"query-input\":\"required name=search_term_string\"}],\"inLanguage\":\"en-US\"},{\"@type\":\"Organization\",\"@id\":\"https:\/\/tre.com.tr\/#organization\",\"name\":\"Tre Tasar\u0131m\",\"url\":\"https:\/\/tre.com.tr\/\",\"logo\":{\"@type\":\"ImageObject\",\"inLanguage\":\"en-US\",\"@id\":\"https:\/\/tre.com.tr\/#\/schema\/logo\/image\/\",\"url\":\"https:\/\/tre.com.tr\/wp-content\/uploads\/2022\/08\/main-logo-500.png\",\"contentUrl\":\"https:\/\/tre.com.tr\/wp-content\/uploads\/2022\/08\/main-logo-500.png\",\"width\":1973,\"height\":547,\"caption\":\"Tre Tasar\u0131m\"},\"image\":{\"@id\":\"https:\/\/tre.com.tr\/#\/schema\/logo\/image\/\"}}]}<\/script>\n<!-- \/ Yoast SEO plugin. -->","yoast_head_json":{"title":"Contact - Tre Tasar\u0131m","robots":{"index":"index","follow":"follow","max-snippet":"max-snippet:-1","max-image-preview":"max-image-preview:large","max-video-preview":"max-video-preview:-1"},"canonical":"https:\/\/tre.com.tr\/en\/contact\/","og_locale":"en_US","og_type":"article","og_title":"Contact - Tre Tasar\u0131m","og_description":"[vc_row css=&#8221;.vc_custom_1658910841625{padding-top: 70px !important;}&#8221;][vc_column][vc_gmaps link=&#8221;#E-8_JTNDaWZyYW1lJTIwc3JjJTNEJTIyaHR0cHMlM0ElMkYlMkZ3d3cuZ29vZ2xlLmNvbSUyRm1hcHMlMkZlbWJlZCUzRnBiJTNEJTIxMW0xOCUyMTFtMTIlMjExbTMlMjExZDMxODMuNzExMjY4NDU3MDEzNCUyMTJkMzAuNjE4NzYyMDE1NzE5MTYlMjEzZDM3LjA2NDM2MzE3OTg5NDg5JTIxMm0zJTIxMWYwJTIxMmYwJTIxM2YwJTIxM20yJTIxMWkxMDI0JTIxMmk3NjglMjE0ZjEzLjElMjEzbTMlMjExbTIlMjExczB4MTRjMzg5ZjgxNDM3NzQ4YiUyNTNBMHg5MzgwZThlMmQ4YTJkZTkxJTIxMnpWRkpGSUZSQlUwRlNTVTBnVWtWVFZFOVNRVk5aVDA0Z3hMRERoeUJOeExCTkxpREVzRTdGbmk1VVZWSXVJRlRFc0VNdUlFeFVSQzdGbmxURXNDNGdUMUpIUVU3RXNGcEZJRk5CVGtGWnhMQSUyMTVlMCUyMTNtMiUyMTFzdHIlMjEyc3RyJTIxNHYxNjUyODc0ODA1Mjk3JTIxNW0yJTIxMXN0ciUyMTJzdHIlMjIlMjB3aWR0aCUzRCUyMjYwMCUyMiUyMGhlaWdodCUzRCUyMjQ1MCUyMiUyMHN0eWxlJTNEJTIyYm9yZGVyJTNBMCUzQiUyMiUyMGFsbG93ZnVsbHNjcmVlbiUzRCUyMiUyMiUyMGxvYWRpbmclM0QlMjJsYXp5JTIyJTIwcmVmZXJyZXJwb2xpY3klM0QlMjJuby1yZWZlcnJlci13aGVuLWRvd25ncmFkZSUyMiUzRSUzQyUyRmlmcmFtZSUzRQ==&#8221; el_class=&#8221;map_filter&#8221;][\/vc_column][\/vc_row][vc_row][vc_column width=&#8221;1\/2&#8243;][\/vc_column][vc_column width=&#8221;1\/2&#8243;][\/vc_column][\/vc_row]","og_url":"https:\/\/tre.com.tr\/en\/contact\/","og_site_name":"Tre Tasar\u0131m","article_modified_time":"2023-01-06T07:03:51+00:00","twitter_card":"summary_large_image","twitter_misc":{"Est. reading time":"1 minute"},"schema":{"@context":"https:\/\/schema.org","@graph":[{"@type":"WebPage","@id":"https:\/\/tre.com.tr\/en\/contact\/","url":"https:\/\/tre.com.tr\/en\/contact\/","name":"Contact - Tre Tasar\u0131m","isPartOf":{"@id":"https:\/\/tre.com.tr\/#website"},"datePublished":"2022-01-11T13:47:54+00:00","dateModified":"2023-01-06T07:03:51+00:00","breadcrumb":{"@id":"https:\/\/tre.com.tr\/en\/contact\/#breadcrumb"},"inLanguage":"en-US","potentialAction":[{"@type":"ReadAction","target":["https:\/\/tre.com.tr\/en\/contact\/"]}]},{"@type":"BreadcrumbList","@id":"https:\/\/tre.com.tr\/en\/contact\/#breadcrumb","itemListElement":[{"@type":"ListItem","position":1,"name":"Anasayfa","item":"https:\/\/tre.com.tr\/en\/"},{"@type":"ListItem","position":2,"name":"Contact"}]},{"@type":"WebSite","@id":"https:\/\/tre.com.tr\/#website","url":"https:\/\/tre.com.tr\/","name":"Tre Tasar\u0131m","description":"\u0130\u00e7 Mimarl\u0131k Restorasyon \u0130n\u015faat","publisher":{"@id":"https:\/\/tre.com.tr\/#organization"},"potentialAction":[{"@type":"SearchAction","target":{"@type":"EntryPoint","urlTemplate":"https:\/\/tre.com.tr\/?s={search_term_string}"},"query-input":"required name=search_term_string"}],"inLanguage":"en-US"},{"@type":"Organization","@id":"https:\/\/tre.com.tr\/#organization","name":"Tre Tasar\u0131m","url":"https:\/\/tre.com.tr\/","logo":{"@type":"ImageObject","inLanguage":"en-US","@id":"https:\/\/tre.com.tr\/#\/schema\/logo\/image\/","url":"https:\/\/tre.com.tr\/wp-content\/uploads\/2022\/08\/main-logo-500.png","contentUrl":"https:\/\/tre.com.tr\/wp-content\/uploads\/2022\/08\/main-logo-500.png","width":1973,"height":547,"caption":"Tre Tasar\u0131m"},"image":{"@id":"https:\/\/tre.com.tr\/#\/schema\/logo\/image\/"}}]}},"_links":{"self":[{"href":"https:\/\/tre.com.tr\/en\/wp-json\/wp\/v2\/pages\/6356","targetHints":{"allow":["GET"]}}],"collection":[{"href":"https:\/\/tre.com.tr\/en\/wp-json\/wp\/v2\/pages"}],"about":[{"href":"https:\/\/tre.com.tr\/en\/wp-json\/wp\/v2\/types\/page"}],"author":[{"embeddable":true,"href":"https:\/\/tre.com.tr\/en\/wp-json\/wp\/v2\/users\/1"}],"replies":[{"embeddable":true,"href":"https:\/\/tre.com.tr\/en\/wp-json\/wp\/v2\/comments?post=6356"}],"version-history":[{"count":17,"href":"https:\/\/tre.com.tr\/en\/wp-json\/wp\/v2\/pages\/6356\/revisions"}],"predecessor-version":[{"id":14080,"href":"https:\/\/tre.com.tr\/en\/wp-json\/wp\/v2\/pages\/6356\/revisions\/14080"}],"wp:attachment":[{"href":"https:\/\/tre.com.tr\/en\/wp-json\/wp\/v2\/media?parent=6356"}],"curies":[{"name":"wp","href":"https:\/\/api.w.org\/{rel}","templated":true}]}}